{"id":619,"date":"2026-03-12T09:27:10","date_gmt":"2026-03-12T08:27:10","guid":{"rendered":"https:\/\/tobis.vdevs.eu\/?page_id=619"},"modified":"2026-04-23T12:00:58","modified_gmt":"2026-04-23T10:00:58","slug":"ueber-uns","status":"publish","type":"page","link":"https:\/\/tobis.vdevs.eu\/de\/ueber-uns\/","title":{"rendered":"\u00dcber uns"},"content":{"rendered":"<h3>Drei Jahrzehnte architektonische Praxis und Ingenieurwesen<\/h3>\n<p>Seit unserer Gr\u00fcndung 1994 ist der Kern unseres Wirkens der Wohnungsbau. Mit drei Jahrzehnten Erfahrung in der Gestaltung von Wohnr\u00e4umen schaffen wir Architektur, die Trends \u00fcberdauert und funktionale sowie \u00e4sthetisch ansprechende Antworten f\u00fcr die Bed\u00fcrfnisse zeitgen\u00f6ssischen Wohnens bietet.<\/p>\n","protected":false},"excerpt":{"rendered":"<p>Drei Jahrzehnte architektonische Praxis und Ingenieurwesen Seit unserer Gr\u00fcndung 1994 ist der Kern unseres Wirkens der Wohnungsbau. Mit drei Jahrzehnten Erfahrung in der Gestaltung von Wohnr\u00e4umen schaffen wir Architektur, die Trends \u00fcberdauert und funktionale sowie \u00e4sthetisch ansprechende Antworten f\u00fcr die Bed\u00fcrfnisse zeitgen\u00f6ssischen Wohnens bietet.<\/p>\n","protected":false},"author":1,"featured_media":374,"parent":0,"menu_order":0,"comment_status":"closed","ping_status":"closed","template":"template-onama.php","meta":{"_acf_changed":false,"footnotes":""},"class_list":["post-619","page","type-page","status-publish","has-post-thumbnail","hentry"],"acf":[],"_links":{"self":[{"href":"https:\/\/tobis.vdevs.eu\/de\/wp-json\/wp\/v2\/pages\/619","targetHints":{"allow":["GET"]}}],"collection":[{"href":"https:\/\/tobis.vdevs.eu\/de\/wp-json\/wp\/v2\/pages"}],"about":[{"href":"https:\/\/tobis.vdevs.eu\/de\/wp-json\/wp\/v2\/types\/page"}],"author":[{"embeddable":true,"href":"https:\/\/tobis.vdevs.eu\/de\/wp-json\/wp\/v2\/users\/1"}],"replies":[{"embeddable":true,"href":"https:\/\/tobis.vdevs.eu\/de\/wp-json\/wp\/v2\/comments?post=619"}],"version-history":[{"count":2,"href":"https:\/\/tobis.vdevs.eu\/de\/wp-json\/wp\/v2\/pages\/619\/revisions"}],"predecessor-version":[{"id":621,"href":"https:\/\/tobis.vdevs.eu\/de\/wp-json\/wp\/v2\/pages\/619\/revisions\/621"}],"wp:featuredmedia":[{"embeddable":true,"href":"https:\/\/tobis.vdevs.eu\/de\/wp-json\/wp\/v2\/media\/374"}],"wp:attachment":[{"href":"https:\/\/tobis.vdevs.eu\/de\/wp-json\/wp\/v2\/media?parent=619"}],"curies":[{"name":"wp","href":"https:\/\/api.w.org\/{rel}","templated":true}]}}