{"id":630,"date":"2026-03-12T09:28:29","date_gmt":"2026-03-12T08:28:29","guid":{"rendered":"https:\/\/tobis.vdevs.eu\/?page_id=630"},"modified":"2026-04-23T12:18:05","modified_gmt":"2026-04-23T10:18:05","slug":"stellenangebote","status":"publish","type":"page","link":"https:\/\/tobis.vdevs.eu\/de\/stellenangebote\/","title":{"rendered":"Stellenangebote"},"content":{"rendered":"<p>Vielen Dank f\u00fcr Ihr Interesse an einer Mitarbeit in der Firma Tobis-in\u017eenjering. Wir sind stets auf der Suche nach Fachkr\u00e4ften aus den Bereichen Architektur und Bauwesen, die unser Team verst\u00e4rken m\u00f6chten.<\/p>\n<p>Wir bearbeiten alle Bewerbungen in der Reihenfolge ihres Eingangs. Senden Sie uns Ihre Bewerbung (Lebenslauf und Portfolio) an: <a href=\"mailto:info@tobis.hr\">info@tobis.hr<\/a>.<\/p>\n","protected":false},"excerpt":{"rendered":"<p>Vielen Dank f\u00fcr Ihr Interesse an einer Mitarbeit in der Firma Tobis-in\u017eenjering. Wir sind stets auf der Suche nach Fachkr\u00e4ften aus den Bereichen Architektur und Bauwesen, die unser Team verst\u00e4rken m\u00f6chten. Wir bearbeiten alle Bewerbungen in der Reihenfolge ihres Eingangs. Senden Sie uns Ihre Bewerbung (Lebenslauf und Portfolio) an: info@tobis.hr.<\/p>\n","protected":false},"author":1,"featured_media":0,"parent":0,"menu_order":0,"comment_status":"closed","ping_status":"closed","template":"template-zaposlenja.php","meta":{"_acf_changed":false,"footnotes":""},"class_list":["post-630","page","type-page","status-publish","hentry"],"acf":[],"_links":{"self":[{"href":"https:\/\/tobis.vdevs.eu\/de\/wp-json\/wp\/v2\/pages\/630","targetHints":{"allow":["GET"]}}],"collection":[{"href":"https:\/\/tobis.vdevs.eu\/de\/wp-json\/wp\/v2\/pages"}],"about":[{"href":"https:\/\/tobis.vdevs.eu\/de\/wp-json\/wp\/v2\/types\/page"}],"author":[{"embeddable":true,"href":"https:\/\/tobis.vdevs.eu\/de\/wp-json\/wp\/v2\/users\/1"}],"replies":[{"embeddable":true,"href":"https:\/\/tobis.vdevs.eu\/de\/wp-json\/wp\/v2\/comments?post=630"}],"version-history":[{"count":2,"href":"https:\/\/tobis.vdevs.eu\/de\/wp-json\/wp\/v2\/pages\/630\/revisions"}],"predecessor-version":[{"id":632,"href":"https:\/\/tobis.vdevs.eu\/de\/wp-json\/wp\/v2\/pages\/630\/revisions\/632"}],"wp:attachment":[{"href":"https:\/\/tobis.vdevs.eu\/de\/wp-json\/wp\/v2\/media?parent=630"}],"curies":[{"name":"wp","href":"https:\/\/api.w.org\/{rel}","templated":true}]}}